{"id":582,"date":"2021-12-13T05:24:19","date_gmt":"2021-12-13T05:24:19","guid":{"rendered":"https:\/\/blockart-agency.sites.qsandbox.com\/?page_id=582"},"modified":"2024-12-27T16:22:53","modified_gmt":"2024-12-27T16:22:53","slug":"contact","status":"publish","type":"page","link":"https:\/\/speedgokart.com\/?page_id=582","title":{"rendered":"\u0130leti\u015fim"},"content":{"rendered":"\t\t<div data-elementor-type=\"wp-page\" data-elementor-id=\"582\" class=\"elementor elementor-582\">\n\t\t\t\t<div class=\"elementor-element elementor-element-1a49f096 e-flex e-con-boxed e-con e-parent\" data-id=\"1a49f096\" data-element_type=\"container\">\n\t\t\t\t\t<div class=\"e-con-inner\">\n\t\t\t\t<div class=\"elementor-element elementor-element-31f19f0 elementor-widget elementor-widget-image\" data-id=\"31f19f0\" data-element_type=\"widget\" data-widget_type=\"image.default\">\n\t\t\t\t<div class=\"elementor-widget-container\">\n\t\t\t\t\t\t\t\t\t\t\t\t\t\t\t<img fetchpriority=\"high\" decoding=\"async\" width=\"812\" height=\"457\" src=\"https:\/\/speedgokart.com\/wp-content\/uploads\/2024\/09\/slider-gokart-3-1024x576.jpg\" class=\"attachment-large size-large wp-image-1262\" alt=\"\" srcset=\"https:\/\/speedgokart.com\/wp-content\/uploads\/2024\/09\/slider-gokart-3-1024x576.jpg 1024w, https:\/\/speedgokart.com\/wp-content\/uploads\/2024\/09\/slider-gokart-3-300x169.jpg 300w, https:\/\/speedgokart.com\/wp-content\/uploads\/2024\/09\/slider-gokart-3-768x432.jpg 768w, https:\/\/speedgokart.com\/wp-content\/uploads\/2024\/09\/slider-gokart-3-1536x864.jpg 1536w, https:\/\/speedgokart.com\/wp-content\/uploads\/2024\/09\/slider-gokart-3-600x338.jpg 600w, https:\/\/speedgokart.com\/wp-content\/uploads\/2024\/09\/slider-gokart-3.jpg 1920w\" sizes=\"(max-width: 812px) 100vw, 812px\" \/>\t\t\t\t\t\t\t\t\t\t\t\t\t\t\t<\/div>\n\t\t\t\t<\/div>\n\t\t\t\t<div class=\"elementor-element elementor-element-652bd7ab elementor-widget elementor-widget-text-editor\" data-id=\"652bd7ab\" data-element_type=\"widget\" data-widget_type=\"text-editor.default\">\n\t\t\t\t<div class=\"elementor-widget-container\">\n\t\t\t\t\t\t\t\t\t<p><\/p><div class=\"blockart-section blockart-section-73441fc0\"><div class=\"blockart-container\"><div class=\"blockart-section-inner\"><p><\/p><div class=\"blockart-column blockart-column-19d4e79a\"><div class=\"blockart-column-inner\"><p><\/p><h2 class=\"blockart-heading blockart-heading-ed8ed03b\">Adres<\/h2><p><\/p><p><\/p><p class=\"blockart-paragraph blockart-paragraph-d195d6a0\">G\u00fcven Mahallesi Eski Londra Asfalt\u0131 No 89 Kale AVM<\/p><p class=\"blockart-paragraph blockart-paragraph-d195d6a0\">34160 G\u00fcng\u00f6ren \u0130stanbul<\/p><p><\/p><\/div><\/div><p><\/p><p><\/p><div class=\"blockart-column blockart-column-67d4f14c\"><div class=\"blockart-column-inner\"><p><\/p><h2 class=\"blockart-heading blockart-heading-4a35044c\">Email<\/h2><p><\/p><p><\/p><p>info@speedgokart.com<\/p><p><\/p><\/div><\/div><p><\/p><p><\/p><div class=\"blockart-column blockart-column-7f33a661\"><div class=\"blockart-column-inner\"><p><\/p><h2 class=\"blockart-heading blockart-heading-79dd122c\">Telefon<\/h2><p><\/p><p><\/p><p>0212 557 55 00<\/p><p>0537 337 38 39<\/p><p><\/p><\/div><\/div><p><\/p><p><\/p><div class=\"blockart-column blockart-column-31c109f0\"><div class=\"blockart-column-inner\"><p><\/p><h2 class=\"blockart-heading blockart-heading-851087b5\">\u00c7al\u0131\u015fma saatleri<\/h2><p><\/p><p><\/p><p class=\"blockart-paragraph blockart-paragraph-42904d24\">Herg\u00fcn\u00a0<\/p><p>10:00 &#8211; 22:00<\/p><p><\/p><\/div><\/div><p><\/p><\/div><\/div><\/div><p><\/p><p><\/p><div class=\"blockart-section blockart-section-6d9887c3\"><div class=\"blockart-container-fluid\"><div class=\"blockart-section-inner\"><p><\/p><div class=\"blockart-column blockart-column-946d1c71\"><div class=\"blockart-column-inner\"><p><\/p><figure class=\"blockart-image blockart-image-cb9e1b82\"><img decoding=\"async\" class=\"hover-effect-static filter-none mask mask-none alignnone wp-image-1073 size-medium\" src=\"http:\/\/speedgokart.com\/wp-content\/uploads\/2021\/12\/contact-cta-300x57.png\" alt=\"\" width=\"300\" height=\"57\" srcset=\"https:\/\/speedgokart.com\/wp-content\/uploads\/2021\/12\/contact-cta-300x57.png 300w, https:\/\/speedgokart.com\/wp-content\/uploads\/2021\/12\/contact-cta-600x113.png 600w, https:\/\/speedgokart.com\/wp-content\/uploads\/2021\/12\/contact-cta-768x145.png 768w, https:\/\/speedgokart.com\/wp-content\/uploads\/2021\/12\/contact-cta.png 800w\" sizes=\"(max-width: 300px) 100vw, 300px\" \/><\/figure><p><\/p><\/div><\/div><p><\/p><\/div><\/div><\/div><p><\/p><p><\/p><div class=\"blockart-section blockart-section-a8c7c151\"><div class=\"blockart-container\"><div class=\"blockart-section-inner\"><p><\/p><div class=\"blockart-column blockart-column-dab34859\"><div class=\"blockart-column-inner\">\u00a0<\/div><\/div><p><\/p><p><\/p><div class=\"blockart-column blockart-column-4d4d4da2\"><div class=\"blockart-column-inner\"><p><\/p><h2 class=\"blockart-heading blockart-heading-4d52da07\">Bizi aray\u0131n<\/h2><p><\/p><p><\/p><p class=\"blockart-paragraph blockart-paragraph-3b27db7b\">T\u00fcm pistlerimiz, uluslararas\u0131 standartlara uygun \u015fekilde dizayn edilmi\u015f olup, ara\u00e7lar\u0131m\u0131z d\u00fczenli olarak bak\u0131m ve kontrolden ge\u00e7irilmektedir.<\/p><p><\/p><p><\/p><div class=\"blockart-buttons blockart-buttons-49e2ce5b is-wrap\"><p><\/p><div class=\"blockart-button blockart-button-b387f7b1 \"><a class=\"blockart-button-link is-custom is-style-filled\" href=\"tel:05373373839\">Hemen aray\u0131n<\/a><\/div><p><\/p><\/div><p><\/p><\/div><\/div><p><\/p><p><\/p><div class=\"blockart-column blockart-column-119d63ce\"><div class=\"blockart-column-inner\">\u00a0<\/div><\/div><p><\/p><\/div><\/div><\/div><p><\/p><p><\/p><div class=\"blockart-section blockart-section-979ffdef\"><div class=\"blockart-container-fluid\"><div class=\"blockart-section-inner\"><p><\/p><div class=\"blockart-column blockart-column-9d2964c2\"><div class=\"blockart-column-inner\"><iframe style=\"border: 0;\" src=\"https:\/\/www.google.com\/maps\/embed?pb=!1m18!1m12!1m3!1d3010.423207658881!2d28.87606157541451!3d41.01599617134945!2m3!1f0!2f0!3f0!3m2!1i1024!2i768!4f13.1!3m3!1m2!1s0x14cabb1f5ea6d767%3A0x2b325f3a581ec424!2sSpeed%20Go-Kart%20Kale%20AVM.!5e0!3m2!1str!2str!4v1734889937991!5m2!1str!2str\" width=\"600\" height=\"450\" allowfullscreen=\"allowfullscreen\"><\/iframe><\/div><\/div><p><\/p><\/div><\/div><\/div><p><\/p><p><\/p><div class=\"blockart-section blockart-section-d8bb7b25\"><div class=\"blockart-container\"><div class=\"blockart-section-inner\"><p><\/p><div class=\"blockart-column blockart-column-e70448c7\"><div class=\"blockart-column-inner\">\u00a0<\/div><\/div><p><\/p><p><\/p><div class=\"blockart-column blockart-column-716dcbed\"><div class=\"blockart-column-inner\"><p><\/p><figure><\/figure><figure class=\"blockart-image blockart-image-41c122c1\"><img decoding=\"async\" class=\"hover-effect-static filter-none mask mask-none alignnone wp-image-516 size-full\" src=\"http:\/\/speedgokart.com\/wp-content\/uploads\/2021\/12\/fav_icon1.png\" alt=\"\" width=\"33\" height=\"40\" \/><\/figure><p><\/p><\/div><\/div><p><\/p><p><\/p><div class=\"blockart-column blockart-column-b0322e25\"><div class=\"blockart-column-inner\"><p><\/p><figure class=\"blockart-image blockart-image-9ad0c8b0\"><img loading=\"lazy\" decoding=\"async\" class=\"hover-effect-static filter-none mask mask-none alignnone wp-image-525 size-full\" src=\"http:\/\/speedgokart.com\/wp-content\/uploads\/2021\/12\/icon2.png\" alt=\"\" width=\"33\" height=\"34\" \/><\/figure><p><\/p><\/div><\/div><p><\/p><p><\/p><div class=\"blockart-column blockart-column-7fe6faa4\"><div class=\"blockart-column-inner\"><p><\/p><figure class=\"blockart-image blockart-image-e8b7db51\"><img loading=\"lazy\" decoding=\"async\" class=\"hover-effect-static filter-none mask mask-none alignnone wp-image-556 size-full\" src=\"http:\/\/speedgokart.com\/wp-content\/uploads\/2021\/12\/fav_icon5.png\" alt=\"\" width=\"33\" height=\"33\" \/><\/figure><p><\/p><\/div><\/div><p><\/p><p><\/p><div class=\"blockart-column blockart-column-3ce79db4\"><div class=\"blockart-column-inner\"><p><\/p><figure class=\"blockart-image blockart-image-8b2e1c55\"><img loading=\"lazy\" decoding=\"async\" class=\"hover-effect-static filter-none mask mask-none alignnone wp-image-558 size-full\" src=\"http:\/\/speedgokart.com\/wp-content\/uploads\/2021\/12\/icon4.png\" alt=\"\" width=\"36\" height=\"33\" \/><\/figure><p><\/p><\/div><\/div><p><\/p><p><\/p><div class=\"blockart-column blockart-column-b947f356\"><div class=\"blockart-column-inner\"><p><\/p><figure class=\"blockart-image blockart-image-ef4893ac\"><img loading=\"lazy\" decoding=\"async\" class=\"hover-effect-static filter-none mask mask-none alignnone wp-image-559 size-full\" src=\"http:\/\/speedgokart.com\/wp-content\/uploads\/2021\/12\/icon5.png\" alt=\"\" width=\"35\" height=\"36\" \/><\/figure><p><\/p><\/div><\/div><p><\/p><p><\/p><div class=\"blockart-column blockart-column-ce805f44\"><div class=\"blockart-column-inner\">\u00a0<\/div><\/div><p><\/p><\/div><\/div><\/div><p><\/p>\t\t\t\t\t\t\t\t<\/div>\n\t\t\t\t<\/div>\n\t\t\t\t\t<\/div>\n\t\t\t\t<\/div>\n\t\t\t\t<\/div>\n\t\t","protected":false},"excerpt":{"rendered":"","protected":false},"author":1,"featured_media":1245,"parent":0,"menu_order":0,"comment_status":"closed","ping_status":"closed","template":"page-templates\/pagebuilder.php","meta":{"zakra_sidebar_layout":"stretched","zakra_remove_content_margin":true,"zakra_sidebar":"customizer","zakra_transparent_header":"customizer","zakra_logo":0,"zakra_main_header_style":"default","zakra_menu_item_color":"","zakra_menu_item_hover_color":"#000000","zakra_menu_item_active_color":"#23ab70","zakra_menu_active_style":"","zakra_page_header":true,"footnotes":""},"class_list":["post-582","page","type-page","status-publish","has-post-thumbnail","hentry"],"_links":{"self":[{"href":"https:\/\/speedgokart.com\/index.php?rest_route=\/wp\/v2\/pages\/582"}],"collection":[{"href":"https:\/\/speedgokart.com\/index.php?rest_route=\/wp\/v2\/pages"}],"about":[{"href":"https:\/\/speedgokart.com\/index.php?rest_route=\/wp\/v2\/types\/page"}],"author":[{"embeddable":true,"href":"https:\/\/speedgokart.com\/index.php?rest_route=\/wp\/v2\/users\/1"}],"replies":[{"embeddable":true,"href":"https:\/\/speedgokart.com\/index.php?rest_route=%2Fwp%2Fv2%2Fcomments&post=582"}],"version-history":[{"count":23,"href":"https:\/\/speedgokart.com\/index.php?rest_route=\/wp\/v2\/pages\/582\/revisions"}],"predecessor-version":[{"id":1347,"href":"https:\/\/speedgokart.com\/index.php?rest_route=\/wp\/v2\/pages\/582\/revisions\/1347"}],"wp:featuredmedia":[{"embeddable":true,"href":"https:\/\/speedgokart.com\/index.php?rest_route=\/wp\/v2\/media\/1245"}],"wp:attachment":[{"href":"https:\/\/speedgokart.com\/index.php?rest_route=%2Fwp%2Fv2%2Fmedia&parent=582"}],"curies":[{"name":"wp","href":"https:\/\/api.w.org\/{rel}","templated":true}]}}